{"id":6,"date":"2015-06-11T12:03:08","date_gmt":"2015-06-11T12:03:08","guid":{"rendered":"http:\/\/tobiasvolkmann.com\/?page_id=6"},"modified":"2023-01-11T22:01:09","modified_gmt":"2023-01-11T22:01:09","slug":"biografia","status":"publish","type":"page","link":"https:\/\/tobiasvolkmann.com\/pt-br\/biografia\/","title":{"rendered":"Biografia"},"content":{"rendered":"\n<div style=\"height:40px\" aria-hidden=\"true\" class=\"wp-block-spacer\"><\/div>\n\n\n\n<figure class=\"wp-block-image aligncenter size-full\"><a href=\"https:\/\/tobiasvolkmann.com\/wp-content\/uploads\/2022\/12\/Perfil-1-e1673450284345.jpg\"><img loading=\"lazy\" decoding=\"async\" width=\"669\" height=\"699\" src=\"https:\/\/tobiasvolkmann.com\/wp-content\/uploads\/2022\/12\/Perfil-1-e1673450284345.jpg\" alt=\"\" class=\"wp-image-3206\" srcset=\"https:\/\/tobiasvolkmann.com\/wp-content\/uploads\/2022\/12\/Perfil-1-e1673450284345.jpg 669w, https:\/\/tobiasvolkmann.com\/wp-content\/uploads\/2022\/12\/Perfil-1-e1673450284345-287x300.jpg 287w\" sizes=\"auto, (max-width: 669px) 100vw, 669px\" \/><\/a><\/figure>\n\n\n\n<div style=\"height:40px\" aria-hidden=\"true\" class=\"wp-block-spacer\"><\/div>\n\n\n\n<p>Tobias Volkmann desenvolve carreira de destaque no cen\u00e1rio musical sul-americano e j\u00e1 esteve como convidado \u00e0 frente de mais de 30 orquestras na Europa, Estados Unidos e Am\u00e9rica do Sul. Foi Maestro Titular da Orquestra Sinf\u00f4nica do Theatro Municipal do Rio de Janeiro e tamb\u00e9m Principal Regente Convidado da Orquestra Sinf\u00f4nica Nacional UFF. Em 2022 iniciou um novo projeto no Rio de Janeiro \u2013 a Orquestra Rio Villarm\u00f4nica \u2013 e em 2023 assume a posi\u00e7\u00e3o de Diretor Art\u00edstico da Orquestra Sinf\u00f4nica da Universidade Nacional de Cuyo em Mendoza, Argentina.<\/p>\n\n\n\n<p>No in\u00edcio de sua carreira, recebeu os principais pr\u00eamios concedidos no Concurso Internacional de Reg\u00eancia Jorma Panula 2012 na Finl\u00e2ndia e no Festival Musical Olympus de S\u00e3o Petersburgo em 2013. Desde ent\u00e3o, vem atraindo aten\u00e7\u00e3o para interpreta\u00e7\u00f5es consistentes tanto no repert\u00f3rio sinf\u00f4nico quanto no teatro de \u00f3pera e bal\u00e9. Com versatilidade e sofistica\u00e7\u00e3o, Volkmann mostra-se \u00e0 vontade em uma variedade de estilos, que se estende da interpreta\u00e7\u00e3o historicamente informada da m\u00fasica do s\u00e9culo XVIII \u00e0s mais desafiadoras obras da m\u00fasica contempor\u00e2nea, incluindo naturalmente o grande repert\u00f3rio rom\u00e2ntico. Atua como um embaixador da m\u00fasica brasileira, a qual programa na maioria de seus compromissos internacionais.<\/p>\n\n\n\n<p>Em 2015 estreou na sala Gewandhaus de Leipzig como convidado da temporada oficial do Coro e Orquestra Sinf\u00f4nica da R\u00e1dio MDR. Em poucos anos foi convidado a dirigir em concerto um grande n\u00famero de orquestras europeias e sul-americanas, destacando-se entre elas a Orquestra Sinf\u00f4nica Estatal de S\u00e3o Petersburgo, Orquestra Sinf\u00f4nica Estatal do Museu Hermitage, Filarm\u00f4nica de Pilsen, Orquestra Sinf\u00f4nica do Porto Casa da M\u00fasica, Orquestra Metropolitana de Lisboa, Orquestra Sinf\u00f4nica do Chile, Orquestra Sinf\u00f4nica do SODRE, Filarm\u00f4nica de Montevid\u00e9u, Orquestra Sinf\u00f4nica Nacional do Peru, Orquestra Sinf\u00f4nica Brasileira, Filarm\u00f4nica de Minas Gerais, Filarm\u00f4nica de Goi\u00e1s e Petrobras Sinf\u00f4nica. Destaques da temporada 2023 s\u00e3o a estreia no M\u00e9xico com a Orquestra Sinf\u00f4nica de Xalapa e a colabora\u00e7\u00e3o com o Bal\u00e9 Nacional do SODRE no Uruguai em uma nova produ\u00e7\u00e3o de <em>A Bela Adormecida<\/em>.<\/p>\n\n\n\n<p>No Theatro Municipal do Rio de Janeiro dedicou-se especialmente \u00e0 \u00f3pera, \u00e0s grandes obras coral-sinf\u00f4nicas e ao bal\u00e9, recebendo reconhecimento de p\u00fablico e cr\u00edtica. Com a Orquestra Sinf\u00f4nica Nacional trabalhou principalmente a m\u00fasica dos s\u00e9culos XX e XXI, em um enfoque particular na m\u00fasica brasileira. Sob sua dire\u00e7\u00e3o musical a OSN gravou tr\u00eas CDs de m\u00fasica brasileira contempor\u00e2nea. Sua discografia se completa com o <em>Whisper<\/em>, \u00e1lbum gravado ao vivo na Alemanha com a harpista Cristina Braga e a Sinf\u00f4nica de Brandemburgo.<\/p>\n\n\n\n<p>Como parte indispens\u00e1vel de sua atua\u00e7\u00e3o art\u00edstica e social, dedica parte de seu tempo \u00e0 A\u00e7\u00e3o Social Pela M\u00fasica do Brasil, ONG que atua na educa\u00e7\u00e3o musical de jovens de diversas comunidades carentes no Rio de Janeiro. Dirige regularmente concertos da Orquestra Sinf\u00f4nica Jovem do Rio de Janeiro e acompanha seus jovens m\u00fasicos em seu desenvolvimento, orientando e incentivando os talentos deste belo projeto social em seus primeiros passos na m\u00fasica.<br><br>Tobias Volkmann estudou na Escola de M\u00fasica da Universidade Federal do Rio de Janeiro e na Universidade Carnegie Mellon de Pittsburgh, onde foi orientado por Ronald Zollman. Complementou sua forma\u00e7\u00e3o em masterclasses internacionais ministradas por Jorma Panula, Kurt Masur, Isaac Karabtchevsky e Fabio Mechetti.<\/p>\n","protected":false},"excerpt":{"rendered":"<p>Tobias Volkmann desenvolve carreira de destaque no cen\u00e1rio musical sul-americano e j\u00e1 esteve como convidado \u00e0 frente de mais de 30 orquestras na Europa, Estados Unidos e Am\u00e9rica do Sul. Foi Maestro Titular da Orquestra Sinf\u00f4nica do Theatro Municipal do Rio de Janeiro e tamb\u00e9m Principal Regente Convidado da Orquestra Sinf\u00f4nica Nacional UFF. Em 2022 iniciou um novo projeto no Rio de Janeiro \u2013 a Orquestra Rio Villarm\u00f4nica \u2013 e em 2023 assume a posi\u00e7\u00e3o de Diretor Art\u00edstico da Orquestra Sinf\u00f4nica da Universidade Nacional de Cuyo em Mendoza, Argentina. No in\u00edcio de sua carreira, recebeu os principais pr\u00eamios concedidos no\u2026<\/p>\n","protected":false},"author":1,"featured_media":0,"parent":0,"menu_order":0,"comment_status":"open","ping_status":"closed","template":"","meta":{"_mi_skip_tracking":false,"footnotes":""},"class_list":["post-6","page","type-page","status-publish","hentry"],"blocksy_meta":{"styles_descriptor":{"styles":{"desktop":"","tablet":"","mobile":""},"google_fonts":[],"version":5},"page_title_panel":"","has_hero_section":"default","6caaee1a13384189b6263dcdbf29768c":"","hero_section":"type-1","hero_elements":[{"id":"custom_title","enabled":true,"heading_tag":"h1","title":"Home"},{"id":"custom_description","enabled":true,"description_visibility":{"desktop":true,"tablet":true,"mobile":false}},{"id":"custom_meta","enabled":false,"meta_elements":[{"id":"author","enabled":true,"label":"By","has_author_avatar":"yes","avatar_size":25},{"id":"post_date","enabled":true,"label":"On","date_format_source":"default","date_format":"M j, Y"},{"id":"updated_date","enabled":false,"label":"On","date_format_source":"default","date_format":"M j, Y"},{"id":"categories","enabled":false,"label":"In","style":"simple"},{"id":"comments","enabled":true}],"page_meta_elements":{"joined":true,"articles_count":true,"comments":true}},{"id":"breadcrumbs","enabled":false}],"1a7a314f71f85d77f8c1bbd09550cd6c":"","hero_alignment1":"CT_CSS_SKIP_RULE","hero_margin":40,"hero_alignment2":"center","hero_vertical_alignment":"center","be1a6fbdd6a777ca38ac3a8cc597a700":"","hero_structure":"narrow","3551095c1470a58ffbc76735180d6727":"","page_title_bg_type":"featured_image","custom_hero_background":{"attachment_id":null},"page_title_image_size":"full","parallax":{"desktop":false,"tablet":false,"mobile":false},"40b4c2b3f7198594168027c12bfef46b":"","hero_height":"250px","pageTitleFont":{"family":"Default","variation":"Default","size":"30px","line-height":"CT_CSS_SKIP_RULE","letter-spacing":"CT_CSS_SKIP_RULE","text-transform":"CT_CSS_SKIP_RULE","text-decoration":"CT_CSS_SKIP_RULE"},"pageTitleFontColor":{"default":{"color":"CT_CSS_SKIP_RULEDEFAULT"}},"pageMetaFont":{"family":"Default","variation":"n6","size":"12px","line-height":"1.3","letter-spacing":"CT_CSS_SKIP_RULE","text-transform":"uppercase","text-decoration":"CT_CSS_SKIP_RULE"},"pageMetaFontColor":{"default":{"color":"CT_CSS_SKIP_RULEDEFAULT"},"hover":{"color":"CT_CSS_SKIP_RULEDEFAULT"}},"page_meta_button_type_font_colors":{"default":{"color":"CT_CSS_SKIP_RULEDEFAULT"},"hover":{"color":"CT_CSS_SKIP_RULEDEFAULT"}},"page_meta_button_type_background_colors":{"default":{"color":"CT_CSS_SKIP_RULEDEFAULT"},"hover":{"color":"CT_CSS_SKIP_RULEDEFAULT"}},"pageExcerptFont":{"family":"Default","variation":"Default","size":"CT_CSS_SKIP_RULE","line-height":"CT_CSS_SKIP_RULE","letter-spacing":"CT_CSS_SKIP_RULE","text-transform":"CT_CSS_SKIP_RULE","text-decoration":"CT_CSS_SKIP_RULE"},"pageExcerptColor":{"default":{"color":"CT_CSS_SKIP_RULEDEFAULT"}},"breadcrumbsFont":{"family":"Default","variation":"Default","size":"CT_CSS_SKIP_RULE","line-height":"CT_CSS_SKIP_RULE","letter-spacing":"CT_CSS_SKIP_RULE","text-transform":"CT_CSS_SKIP_RULE","text-decoration":"CT_CSS_SKIP_RULE"},"breadcrumbsFontColor":{"default":{"color":"CT_CSS_SKIP_RULEDEFAULT"},"initial":{"color":"CT_CSS_SKIP_RULEDEFAULT"},"hover":{"color":"CT_CSS_SKIP_RULEDEFAULT"}},"pageTitleOverlay":{"background_type":"color","background_pattern":"type-1","background_image":{"attachment_id":null,"x":0,"y":0},"gradient":"linear-gradient(135deg,rgba(6,147,227,1) 0%,rgb(155,81,224) 100%)","background_repeat":"repeat","background_size":"auto","background_attachment":"scroll","patternColor":{"default":{"color":"#e5e7ea"}},"overlayColor":{"default":{"color":"CT_CSS_SKIP_RULE"}},"backgroundColor":{"default":{"color":"CT_CSS_SKIP_RULE"}}},"pageTitleBackground":{"background_type":"color","background_pattern":"type-1","background_image":{"attachment_id":null,"x":0,"y":0},"gradient":"linear-gradient(135deg,rgba(6,147,227,1) 0%,rgb(155,81,224) 100%)","background_repeat":"repeat","background_size":"auto","background_attachment":"scroll","patternColor":{"default":{"color":"#e5e7ea"}},"overlayColor":{"default":{"color":"CT_CSS_SKIP_RULE"}},"backgroundColor":{"default":{"color":"var(--paletteColor6)"}}},"pageTitlePadding":{"top":"50px","bottom":"50px","left":"auto","right":"auto","linked":true},"3a99da6b5bbc7bd18159ab232d50cc4e":"","page_structure_type":"type-3","570a68fe7d9df8eabc645c30a0568904":"","content_style_source":"inherit","content_style":"wide","vertical_spacing_source":"inherit","content_area_spacing":"both","background":{"background_type":"color","background_pattern":"type-1","background_image":{"attachment_id":null,"x":0,"y":0},"gradient":"linear-gradient(135deg,rgba(6,147,227,1) 0%,rgb(155,81,224) 100%)","background_repeat":"repeat","background_size":"auto","background_attachment":"scroll","patternColor":{"default":{"color":"#e5e7ea"}},"overlayColor":{"default":{"color":"CT_CSS_SKIP_RULE"}},"backgroundColor":{"default":{"color":"CT_CSS_SKIP_RULE"}}},"content_background":{"background_type":"color","background_pattern":"type-1","background_image":{"attachment_id":null,"x":0,"y":0},"gradient":"linear-gradient(135deg,rgba(6,147,227,1) 0%,rgb(155,81,224) 100%)","background_repeat":"repeat","background_size":"auto","background_attachment":"scroll","patternColor":{"default":{"color":"#e5e7ea"}},"overlayColor":{"default":{"color":"CT_CSS_SKIP_RULE"}},"backgroundColor":{"default":{"color":"var(--paletteColor8)"}}},"content_boxed_shadow":{"inherit":false,"blur":18,"spread":-6,"v_offset":12,"h_offset":0,"inset":false,"enable":true,"color":{"color":"rgba(34, 56, 101, 0.04)"}},"content_boxed_border":{"width":1,"style":"none","color":{"color":"rgba(44,62,80,0.2)"}},"content_boxed_radius":{"top":"3px","bottom":"3px","left":"3px","right":"3px","linked":true},"boxed_content_spacing":{"desktop":{"top":"40px","bottom":"40px","left":"40px","right":"40px","linked":true},"tablet":{"top":"35px","bottom":"35px","left":"35px","right":"35px","linked":true},"mobile":{"top":"20px","bottom":"20px","left":"20px","right":"20px","linked":true}},"ebc44efb6d35604fb9296b0e0f5b8f7f":"","disable_featured_image":"no","disable_share_box":"no","disable_header":"no","disable_footer":"no"},"acf":[],"_links":{"self":[{"href":"https:\/\/tobiasvolkmann.com\/pt-br\/wp-json\/wp\/v2\/pages\/6","targetHints":{"allow":["GET"]}}],"collection":[{"href":"https:\/\/tobiasvolkmann.com\/pt-br\/wp-json\/wp\/v2\/pages"}],"about":[{"href":"https:\/\/tobiasvolkmann.com\/pt-br\/wp-json\/wp\/v2\/types\/page"}],"author":[{"embeddable":true,"href":"https:\/\/tobiasvolkmann.com\/pt-br\/wp-json\/wp\/v2\/users\/1"}],"replies":[{"embeddable":true,"href":"https:\/\/tobiasvolkmann.com\/pt-br\/wp-json\/wp\/v2\/comments?post=6"}],"version-history":[{"count":21,"href":"https:\/\/tobiasvolkmann.com\/pt-br\/wp-json\/wp\/v2\/pages\/6\/revisions"}],"predecessor-version":[{"id":3568,"href":"https:\/\/tobiasvolkmann.com\/pt-br\/wp-json\/wp\/v2\/pages\/6\/revisions\/3568"}],"wp:attachment":[{"href":"https:\/\/tobiasvolkmann.com\/pt-br\/wp-json\/wp\/v2\/media?parent=6"}],"curies":[{"name":"wp","href":"https:\/\/api.w.org\/{rel}","templated":true}]}}