{"id":3530,"date":"2015-06-11T12:03:08","date_gmt":"2015-06-11T12:03:08","guid":{"rendered":"https:\/\/tobiasvolkmann.com\/biografia\/"},"modified":"2023-01-25T14:56:48","modified_gmt":"2023-01-25T14:56:48","slug":"biografia","status":"publish","type":"page","link":"https:\/\/tobiasvolkmann.com\/es\/biografia\/","title":{"rendered":"Biograf\u00eda"},"content":{"rendered":"\n<div style=\"height:40px\" aria-hidden=\"true\" class=\"wp-block-spacer\"><\/div>\n\n\n\n<figure class=\"wp-block-image aligncenter size-full\"><a href=\"https:\/\/tobiasvolkmann.com\/wp-content\/uploads\/2022\/12\/Perfil-1-e1673450284345.jpg\"><img loading=\"lazy\" decoding=\"async\" width=\"669\" height=\"699\" src=\"https:\/\/tobiasvolkmann.com\/wp-content\/uploads\/2022\/12\/Perfil-1-e1673450284345.jpg\" alt=\"\" class=\"wp-image-3206\" srcset=\"https:\/\/tobiasvolkmann.com\/wp-content\/uploads\/2022\/12\/Perfil-1-e1673450284345.jpg 669w, https:\/\/tobiasvolkmann.com\/wp-content\/uploads\/2022\/12\/Perfil-1-e1673450284345-287x300.jpg 287w\" sizes=\"auto, (max-width: 669px) 100vw, 669px\" \/><\/a><\/figure>\n\n\n\n<div style=\"height:40px\" aria-hidden=\"true\" class=\"wp-block-spacer\"><\/div>\n\n\n\n<p>Tobias Volkmann ha desarrollado una destacada carrera en la escena musical brasile\u00f1a, y ha sido invitado a dirigir m\u00e1s de 30 orquestas en Europa, en los Estados Unidos y en SudAm\u00e9rica. Fue Director Titular de la Orquesta Sinf\u00f3nica del Teatro Municipal de R\u00edo de Janeiro y tambi\u00e9n Principal Director Invitado de la Orquesta Sinf\u00f3nica Nacional UFF. En 2022 inici\u00f3 un nuevo proyecto en R\u00edo de Janeiro, la Orquesta Rio Villarm\u00f4nica, y en 2023 asumi\u00f3 el cargo de Director Art\u00edstico de la Orquesta Sinf\u00f3nica de la Universidad Nacional de Cuyo en Mendoza, Argentina.<\/p>\n\n\n\n<p>Al principio de su carrera, recibi\u00f3 los principales premios otorgados en el Concurso Internacional de Direcci\u00f3n Jorma Panula 2012, en Finlandia y en el Festival de M\u00fasica Olympus en San Petersburgo, en 2013. Desde entonces, ha llamado la atenci\u00f3n por sus actuaciones tanto en el repertorio sinf\u00f3nico como en los de la \u00f3pera y el ballet. Con versatilidad y sofisticaci\u00f3n, Volkmann se siente a gusto en una variedad de estilos, que van desde la interpretaci\u00f3n hist\u00f3ricamente informada de la m\u00fasica del siglo XVIII, hasta las obras m\u00e1s desafiantes de la m\u00fasica contempor\u00e1nea, incluyendo naturalmente el gran repertorio rom\u00e1ntico. Asimismo, act\u00faa como embajador de la m\u00fasica brasile\u00f1a, que programa en la mayor parte de sus compromisos internacionales.<\/p>\n\n\n\n<p>En 2015 debut\u00f3 en la Sala Gewandhaus de Leipzig como invitado de la temporada oficial del Coro y Orquesta Sinf\u00f3nica de Radio MDR. En el transcurso de pocos a\u00f1os, fue invitado a dirigir un gran n\u00famero de orquestas europeas y sudamericanas en distintos conciertos, entre ellas la Orquesta Sinf\u00f3nica Estatal de San Petersburgo, la Orquesta Sinf\u00f3nica Estatal del Museo del Hermitage, la Filarm\u00f3nica de Pilsen, la Sinf\u00f3nica de Brandeburgo, la Orquesta Sinf\u00f3nica de Oporto Casa da M\u00fasica, la Orquesta Metropolitana de Lisboa, la Orquesta Sinf\u00f3nica Nacional de Chile, la Orquesta Sinf\u00f3nica del SODRE, la Filarm\u00f3nica de Montevideo, la Orquesta Sinf\u00f3nica Nacional del Per\u00fa, la Orquesta Sinf\u00f3nica de la UNCuyo, la Orquesta Sinf\u00f3nica Brasile\u00f1a, la Filarm\u00f3nica de Minas Gerais, la Filarm\u00f3nica de Goi\u00e1s, la Orquesta Sinf\u00f3nica de Porto Alegre y la Petrobras Sinf\u00f3nica. Los aspectos m\u00e1s destacados de la temporada 2023 son el estreno en M\u00e9xico con la Orquesta Sinf\u00f3nica de Xalapa y la colaboraci\u00f3n con el Ballet Nacional del SODRE, en una nueva producci\u00f3n de<em> La bella durmiente<\/em>.<\/p>\n\n\n\n<p>En el Theatro Municipal de R\u00edo de Janeiro, se dedic\u00f3 especialmente a la \u00f3pera, a las grandes obras coral-sinf\u00f3nicas y al ballet, recibiendo el reconocimiento del p\u00fablico y de la cr\u00edtica. Con la Orquesta Sinf\u00f3nica Nacional, trabaj\u00f3 principalmente en la m\u00fasica de los siglos XX y XXI, con un enfoque particular en la m\u00fasica brasile\u00f1a. Bajo su direcci\u00f3n musical, la OSN grab\u00f3 tres CD de m\u00fasica brasile\u00f1a contempor\u00e1nea. Su discograf\u00eda se completa con <em>Whisper<\/em>, grabado en directo en Alemania, con la arpista Cristina Braga y la Sinf\u00f3nica de Brandeburgo.<\/p>\n\n\n\n<p>Como elemento indispensable de su actuaci\u00f3n art\u00edstica, dedica parte de su tiempo a la Acci\u00f3n Social por la M\u00fasica en Brasil. Dirige regularmente conciertos de la Orquesta Sinf\u00f3nica Joven de R\u00edo de Janeiro y acompa\u00f1a a sus j\u00f3venes m\u00fasicos en su desarrollo, orientando y fomentando los talentos de este hermoso proyecto social en sus primeros pasos en la m\u00fasica. Tobias Volkmann se gradu\u00f3 de la Escuela de M\u00fasica de la Universidad Federal de R\u00edo de Janeiro y de la Universidad Carnegie Mellon de Pittsburgh, donde estudi\u00f3 con Ronald Zollman. Complement\u00f3 su formaci\u00f3n en masterclasses internacionales, con los maestros Jorma Panula, Kurt Masur, Isaac Karabtchevsky y Fabio Mechetti.<\/p>\n","protected":false},"excerpt":{"rendered":"<p>Tobias Volkmann ha desarrollado una destacada carrera en la escena musical brasile\u00f1a, y ha sido invitado a dirigir m\u00e1s de 30 orquestas en Europa, en los Estados Unidos y en SudAm\u00e9rica. Fue Director Titular de la Orquesta Sinf\u00f3nica del Teatro Municipal de R\u00edo de Janeiro y tambi\u00e9n Principal Director Invitado de la Orquesta Sinf\u00f3nica Nacional UFF. En 2022 inici\u00f3 un nuevo proyecto en R\u00edo de Janeiro, la Orquesta Rio Villarm\u00f4nica, y en 2023 asumi\u00f3 el cargo de Director Art\u00edstico de la Orquesta Sinf\u00f3nica de la Universidad Nacional de Cuyo en Mendoza, Argentina. Al principio de su carrera, recibi\u00f3 los principales\u2026<\/p>\n","protected":false},"author":1,"featured_media":0,"parent":0,"menu_order":0,"comment_status":"open","ping_status":"closed","template":"","meta":{"_mi_skip_tracking":false,"footnotes":""},"class_list":["post-3530","page","type-page","status-publish","hentry"],"blocksy_meta":{"styles_descriptor":{"styles":{"desktop":"","tablet":"","mobile":""},"google_fonts":[],"version":5},"page_title_panel":"","has_hero_section":"default","6caaee1a13384189b6263dcdbf29768c":"","hero_section":"type-1","hero_elements":[{"id":"custom_title","enabled":true,"heading_tag":"h1","title":"Home"},{"id":"custom_description","enabled":true,"description_visibility":{"desktop":true,"tablet":true,"mobile":false}},{"id":"custom_meta","enabled":false,"meta_elements":[{"id":"author","enabled":true,"label":"By","has_author_avatar":"yes","avatar_size":25},{"id":"post_date","enabled":true,"label":"On","date_format_source":"default","date_format":"M j, Y"},{"id":"updated_date","enabled":false,"label":"On","date_format_source":"default","date_format":"M j, Y"},{"id":"categories","enabled":false,"label":"In","style":"simple"},{"id":"comments","enabled":true}],"page_meta_elements":{"joined":true,"articles_count":true,"comments":true}},{"id":"breadcrumbs","enabled":false}],"1a7a314f71f85d77f8c1bbd09550cd6c":"","hero_alignment1":"CT_CSS_SKIP_RULE","hero_margin":40,"hero_alignment2":"center","hero_vertical_alignment":"center","be1a6fbdd6a777ca38ac3a8cc597a700":"","hero_structure":"narrow","3551095c1470a58ffbc76735180d6727":"","page_title_bg_type":"featured_image","custom_hero_background":{"attachment_id":null},"page_title_image_size":"full","parallax":{"desktop":false,"tablet":false,"mobile":false},"40b4c2b3f7198594168027c12bfef46b":"","hero_height":"250px","pageTitleFont":{"family":"Default","variation":"Default","size":"30px","line-height":"CT_CSS_SKIP_RULE","letter-spacing":"CT_CSS_SKIP_RULE","text-transform":"CT_CSS_SKIP_RULE","text-decoration":"CT_CSS_SKIP_RULE"},"pageTitleFontColor":{"default":{"color":"CT_CSS_SKIP_RULEDEFAULT"}},"pageMetaFont":{"family":"Default","variation":"n6","size":"12px","line-height":"1.3","letter-spacing":"CT_CSS_SKIP_RULE","text-transform":"uppercase","text-decoration":"CT_CSS_SKIP_RULE"},"pageMetaFontColor":{"default":{"color":"CT_CSS_SKIP_RULEDEFAULT"},"hover":{"color":"CT_CSS_SKIP_RULEDEFAULT"}},"page_meta_button_type_font_colors":{"default":{"color":"CT_CSS_SKIP_RULEDEFAULT"},"hover":{"color":"CT_CSS_SKIP_RULEDEFAULT"}},"page_meta_button_type_background_colors":{"default":{"color":"CT_CSS_SKIP_RULEDEFAULT"},"hover":{"color":"CT_CSS_SKIP_RULEDEFAULT"}},"pageExcerptFont":{"family":"Default","variation":"Default","size":"CT_CSS_SKIP_RULE","line-height":"CT_CSS_SKIP_RULE","letter-spacing":"CT_CSS_SKIP_RULE","text-transform":"CT_CSS_SKIP_RULE","text-decoration":"CT_CSS_SKIP_RULE"},"pageExcerptColor":{"default":{"color":"CT_CSS_SKIP_RULEDEFAULT"}},"breadcrumbsFont":{"family":"Default","variation":"Default","size":"CT_CSS_SKIP_RULE","line-height":"CT_CSS_SKIP_RULE","letter-spacing":"CT_CSS_SKIP_RULE","text-transform":"CT_CSS_SKIP_RULE","text-decoration":"CT_CSS_SKIP_RULE"},"breadcrumbsFontColor":{"default":{"color":"CT_CSS_SKIP_RULEDEFAULT"},"initial":{"color":"CT_CSS_SKIP_RULEDEFAULT"},"hover":{"color":"CT_CSS_SKIP_RULEDEFAULT"}},"pageTitleOverlay":{"background_type":"color","background_pattern":"type-1","background_image":{"attachment_id":null,"x":0,"y":0},"gradient":"linear-gradient(135deg,rgba(6,147,227,1) 0%,rgb(155,81,224) 100%)","background_repeat":"repeat","background_size":"auto","background_attachment":"scroll","patternColor":{"default":{"color":"#e5e7ea"}},"overlayColor":{"default":{"color":"CT_CSS_SKIP_RULE"}},"backgroundColor":{"default":{"color":"CT_CSS_SKIP_RULE"}}},"pageTitleBackground":{"background_type":"color","background_pattern":"type-1","background_image":{"attachment_id":null,"x":0,"y":0},"gradient":"linear-gradient(135deg,rgba(6,147,227,1) 0%,rgb(155,81,224) 100%)","background_repeat":"repeat","background_size":"auto","background_attachment":"scroll","patternColor":{"default":{"color":"#e5e7ea"}},"overlayColor":{"default":{"color":"CT_CSS_SKIP_RULE"}},"backgroundColor":{"default":{"color":"var(--paletteColor6)"}}},"pageTitlePadding":{"top":"50px","bottom":"50px","left":"auto","right":"auto","linked":true},"3a99da6b5bbc7bd18159ab232d50cc4e":"","page_structure_type":"type-3","570a68fe7d9df8eabc645c30a0568904":"","content_style_source":"inherit","content_style":"wide","vertical_spacing_source":"inherit","content_area_spacing":"both","background":{"background_type":"color","background_pattern":"type-1","background_image":{"attachment_id":null,"x":0,"y":0},"gradient":"linear-gradient(135deg,rgba(6,147,227,1) 0%,rgb(155,81,224) 100%)","background_repeat":"repeat","background_size":"auto","background_attachment":"scroll","patternColor":{"default":{"color":"#e5e7ea"}},"overlayColor":{"default":{"color":"CT_CSS_SKIP_RULE"}},"backgroundColor":{"default":{"color":"CT_CSS_SKIP_RULE"}}},"content_background":{"background_type":"color","background_pattern":"type-1","background_image":{"attachment_id":null,"x":0,"y":0},"gradient":"linear-gradient(135deg,rgba(6,147,227,1) 0%,rgb(155,81,224) 100%)","background_repeat":"repeat","background_size":"auto","background_attachment":"scroll","patternColor":{"default":{"color":"#e5e7ea"}},"overlayColor":{"default":{"color":"CT_CSS_SKIP_RULE"}},"backgroundColor":{"default":{"color":"var(--paletteColor8)"}}},"content_boxed_shadow":{"inherit":false,"blur":18,"spread":-6,"v_offset":12,"h_offset":0,"inset":false,"enable":true,"color":{"color":"rgba(34, 56, 101, 0.04)"}},"content_boxed_border":{"width":1,"style":"none","color":{"color":"rgba(44,62,80,0.2)"}},"content_boxed_radius":{"top":"3px","bottom":"3px","left":"3px","right":"3px","linked":true},"boxed_content_spacing":{"desktop":{"top":"40px","bottom":"40px","left":"40px","right":"40px","linked":true},"tablet":{"top":"35px","bottom":"35px","left":"35px","right":"35px","linked":true},"mobile":{"top":"20px","bottom":"20px","left":"20px","right":"20px","linked":true}},"ebc44efb6d35604fb9296b0e0f5b8f7f":"","disable_featured_image":"no","disable_share_box":"no","disable_header":"no","disable_footer":"no"},"acf":[],"_links":{"self":[{"href":"https:\/\/tobiasvolkmann.com\/es\/wp-json\/wp\/v2\/pages\/3530","targetHints":{"allow":["GET"]}}],"collection":[{"href":"https:\/\/tobiasvolkmann.com\/es\/wp-json\/wp\/v2\/pages"}],"about":[{"href":"https:\/\/tobiasvolkmann.com\/es\/wp-json\/wp\/v2\/types\/page"}],"author":[{"embeddable":true,"href":"https:\/\/tobiasvolkmann.com\/es\/wp-json\/wp\/v2\/users\/1"}],"replies":[{"embeddable":true,"href":"https:\/\/tobiasvolkmann.com\/es\/wp-json\/wp\/v2\/comments?post=3530"}],"version-history":[{"count":5,"href":"https:\/\/tobiasvolkmann.com\/es\/wp-json\/wp\/v2\/pages\/3530\/revisions"}],"predecessor-version":[{"id":3816,"href":"https:\/\/tobiasvolkmann.com\/es\/wp-json\/wp\/v2\/pages\/3530\/revisions\/3816"}],"wp:attachment":[{"href":"https:\/\/tobiasvolkmann.com\/es\/wp-json\/wp\/v2\/media?parent=3530"}],"curies":[{"name":"wp","href":"https:\/\/api.w.org\/{rel}","templated":true}]}}