{"id":177,"date":"2015-06-11T12:03:08","date_gmt":"2015-06-11T12:03:08","guid":{"rendered":"http:\/\/tobiasvolkmann.com\/biografia-2\/"},"modified":"2023-01-22T19:38:11","modified_gmt":"2023-01-22T19:38:11","slug":"biografia","status":"publish","type":"page","link":"https:\/\/tobiasvolkmann.com\/de\/biografia\/","title":{"rendered":"Biografie"},"content":{"rendered":"\n<div style=\"height:40px\" aria-hidden=\"true\" class=\"wp-block-spacer\"><\/div>\n\n\n\n<figure class=\"wp-block-image aligncenter size-full\"><a href=\"https:\/\/tobiasvolkmann.com\/wp-content\/uploads\/2022\/12\/Perfil-1-e1673450213847.jpg\"><img loading=\"lazy\" decoding=\"async\" width=\"669\" height=\"704\" src=\"https:\/\/tobiasvolkmann.com\/wp-content\/uploads\/2022\/12\/Perfil-1-e1673450213847.jpg\" alt=\"\" class=\"wp-image-3208\" srcset=\"https:\/\/tobiasvolkmann.com\/wp-content\/uploads\/2022\/12\/Perfil-1-e1673450213847.jpg 669w, https:\/\/tobiasvolkmann.com\/wp-content\/uploads\/2022\/12\/Perfil-1-e1673450213847-285x300.jpg 285w\" sizes=\"auto, (max-width: 669px) 100vw, 669px\" \/><\/a><\/figure>\n\n\n\n<div style=\"height:40px\" aria-hidden=\"true\" class=\"wp-block-spacer\"><\/div>\n\n\n\n<p>Tobias Volkmann ist einer der herausragendsten und gefragtesten Dirigenten der j\u00fcngeren Generation in Brasilien. In seiner intensiven Laufbahn dirigierte er bereits \u00fcber 30 Orchester in Europa, USA und S\u00fcdamerika. In der musikalischen Szene Rio de Janeiros war er als Haupt-Gastdirigent des Nationalen Sinfonieorchesters UFF (2016- 2019) und als Chefdirigent des Theatro Municipal Rio de Janeiro (2016-2018) zu erleben. 2022 gr\u00fcndete er ein neues Projekt, das <em>Orquestra Rio Villarm\u00f4nica, <\/em>und ab 2023 wirkt er als Chefdirigent und K\u00fcnstlerischer Leiter des Symphonieorchesters der National Universit\u00e4t von Cuyo in Mendoza, Argentinien. Einen Teil seiner Zeit widmet Volkmann einem Sozialprojekt zur F\u00f6rderung von jungen Musiker aus unterprivilegierten Gebieten.<\/p>\n\n\n\n<p>Als Preistr\u00e4ger internationaler Wettbewerbe (Jorma Panula Dirigentenwettbewerb 2012 in Finnland und Musical Olympus Festival 2013 in St. Petersburg), baute sich Volkmann eine bemerkenswerte Karriere auf, die auf einer soliden Technik, besonderer Ausstrahlung und kultivierter Musikalit\u00e4t basiert. Er bietet starke Interpretationen an, die gleichzeitig stilvoll und kreativ erscheinen. Der vielseitige Dirigent musiziert souver\u00e4n im Opernhaus sowie im Konzertsaal und sein Repertoire umfasst ein breites Spektrum, von der versierten Auff\u00fchrungspraxis der Musik des 18. Jahrhunderts bis hin zu den anspruchsvollen Werken der zeitgen\u00f6ssischen Musik, einschlie\u00dflich des gro\u00dfen romantischen Repertoires. Volkmann wirkt als Botschafter der brasilianischen Musik und programmiert bei den meisten seiner internationalen Engagements das Repertoire brasilianischer Komponisten.<\/p>\n\n\n\n<p>2015 hatte Volkmann sein Deb\u00fct im Leipziger Gewandhaus als Gast des MDR Rundfunkchores und Orchesters. In kurzer Zeit trat er bei vielen europ\u00e4ischen und s\u00fcdamerikanischen Orchester auf, unter ihnen das Porto Sinfonieorchester Casa da M\u00fasica, das St\u00e4dtische Orchester Lissabon (Portugal), das Staatliche Hermitage Sinfonieorchester und das St. Petersburg Staatliche Sinfonieorchester (Russland), die Brandenburger Symphoniker, die Pilsener Philharmoniker, das Nationale Sinfonieorchester von Chile, SODRE National Sinfonieorchester und die Montevideo Philharmoniker (Uruguay), das Nationale Sinfonieorchester von Peru, das Brasilianische Sinfonieorchester, das Sinfonieorchester der Universit\u00e4t S\u00e3o Paulo, Minas Gerais Philharmoniker, Goi\u00e1s Philharmoniker, Porto Alegre Symphoniker, Paran\u00e1 Symphoniker, das Orchester des Theatro S\u00e3o Pedro in S\u00e3o Paulo und die Petrobras Symphoniker (Brasilien). H\u00f6hepunkte der aktuellen Saison sind das Deb\u00fct in Mexiko mit dem Xalapa Sinfonieorchester und die Zusammenarbeit mit dem National Ballet von Uruguay an einer Neuproduktion von Tchaikovskys Dornr\u00f6schen.<\/p>\n\n\n\n<p>Am Theatro Municipal Rio de Janeiro widmete sich Volkmann besonders der Oper, dem gro\u00dfen chorsymphonischen Repertoire und dem Ballett. Seine musikalische Leitung genoss Erfolg bei Publikum und Kritik. Uner den H\u00f6hepunkten dieser Zusammenarbeit sind Verdis <em>Un ballo in maschera<\/em>, Mozarts <em>Don Giovanni<\/em> und <em>Le nozze di Figaro<\/em>, Beethovens Missa Solemnis und Mahlers <em>Zweite Symphonie<\/em>. Mit der Ballettkompanie des Theaters entwickelte Volkmann eine besondere Beziehung durch die musikalische Leitung von La Bayad\u00e8re, Coppelia, Sheherazade, Der Schwanensee, Beethovens Siebte Symphonie in der Version von Uwe Scholz und <em>Amazonische Trilogie<\/em>, einem neuen Ballett zu Villa-Lobos&#8217; gr\u00f6\u00dften Werken.<\/p>\n\n\n\n<p>Mit dem Nationalen Sinfonieorchester UFF (Brasiliens ehemaliges Rundfunk Sinfonieorchester) f\u00fchrte Volkmann haupts\u00e4chlich Musik des 20. und 21. Jahrhunderts mit besonderem Fokus auf das brasilianische Repertoire auf \u2013 eine Leistung, die ihm bereits den Ruf eines Villa-Lobos Spezialisten einbrachte. Es wurden j\u00e4hrlich CDs aufgenommen, die der brasilianischen zeitgen\u00f6ssischen Musik gewidmet sind. Seine Diskographie beinhaltet auch eine Aufnahme brasilianischer Musik f\u00fcr Jazzharfe und Orchester mit Cristina Braga und den Brandenburger Symphonikern, von Enja Records in Deutschland herausgebracht.<\/p>\n\n\n\n<p>Tobias Volkmann war immer auf dem Gebiet der Neuen Musik t\u00e4tig und hat mehr als zwanzig Werke in Brasilien, den USA, Russland, Deutschland und Argentinien uraufgef\u00fchrt. Die Begleitung von Stummfilmen rundet das breite Spektrum seiner k\u00fcnstlerischen T\u00e4tigkeit ab, bei der Metropolis (Fritz Lang \/ Gottfried Huppertz), The Kid (Charles Chaplin) und Nosferatu (Friedrich Murnau \/ Pierre Oser) gro\u00dfe Erfolge waren.<\/p>\n\n\n\n<p>Als unverzichtbaren Bestandteil seiner k\u00fcnstlerischen und sozialen Arbeit widmet er einen Teil seiner Zeit der A\u00e7\u00e3o Social pela M\u00fasica do Brasil (Brasilianische Sozialaktion durch die Musik), einer NRO, die sich f\u00fcr die musikalische Bildung junger Menschen aus unterprivilegierten Gebieten in Rio de Janeiro einsetzt. Volkmann dirigiert regelm\u00e4\u00dfig Konzerte des Jugendsinfonieorchesters Rio de Janeiro und begleitet seine jungen Musiker in ihrer Entwicklung, indem er die Talente dieses Sozialprojektes bei ihren ersten Schritten in der Musik leitet und f\u00f6rdert.<\/p>\n\n\n\n<p>Der Deutsch-Brasilianer studierte Dirigieren an der Staatlichen Universit\u00e4t Rio de Janeiro und erhielt seinen Master im Fach Orchesterdirigieren an der Carnegie Mellon Universit\u00e4t in Pittsburgh bei Ronald Zollman. Er vertiefte seine Ausbildung in internationalen Meisterklassen mit bedeutenden Meistern wie Kurt Masur und Jorma Panula.<\/p>\n","protected":false},"excerpt":{"rendered":"<p>Tobias Volkmann ist einer der herausragendsten und gefragtesten Dirigenten der j\u00fcngeren Generation in Brasilien. In seiner intensiven Laufbahn dirigierte er bereits \u00fcber 30 Orchester in Europa, USA und S\u00fcdamerika. In der musikalischen Szene Rio de Janeiros war er als Haupt-Gastdirigent des Nationalen Sinfonieorchesters UFF (2016- 2019) und als Chefdirigent des Theatro Municipal Rio de Janeiro (2016-2018) zu erleben. 2022 gr\u00fcndete er ein neues Projekt, das Orquestra Rio Villarm\u00f4nica, und ab 2023 wirkt er als Chefdirigent und K\u00fcnstlerischer Leiter des Symphonieorchesters der National Universit\u00e4t von Cuyo in Mendoza, Argentinien. Einen Teil seiner Zeit widmet Volkmann einem Sozialprojekt zur F\u00f6rderung von jungen\u2026<\/p>\n","protected":false},"author":1,"featured_media":0,"parent":0,"menu_order":0,"comment_status":"open","ping_status":"closed","template":"","meta":{"_mi_skip_tracking":false,"footnotes":""},"class_list":["post-177","page","type-page","status-publish","hentry"],"blocksy_meta":{"styles_descriptor":{"styles":{"desktop":"","tablet":"","mobile":""},"google_fonts":[],"version":5},"page_title_panel":"","has_hero_section":"default","6caaee1a13384189b6263dcdbf29768c":"","hero_section":"type-1","hero_elements":[{"id":"custom_title","enabled":true,"heading_tag":"h1","title":"Home"},{"id":"custom_description","enabled":true,"description_visibility":{"desktop":true,"tablet":true,"mobile":false}},{"id":"custom_meta","enabled":false,"meta_elements":[{"id":"author","enabled":true,"label":"By","has_author_avatar":"yes","avatar_size":25},{"id":"post_date","enabled":true,"label":"On","date_format_source":"default","date_format":"M j, Y"},{"id":"updated_date","enabled":false,"label":"On","date_format_source":"default","date_format":"M j, Y"},{"id":"categories","enabled":false,"label":"In","style":"simple"},{"id":"comments","enabled":true}],"page_meta_elements":{"joined":true,"articles_count":true,"comments":true}},{"id":"breadcrumbs","enabled":false}],"1a7a314f71f85d77f8c1bbd09550cd6c":"","hero_alignment1":"CT_CSS_SKIP_RULE","hero_margin":40,"hero_alignment2":"center","hero_vertical_alignment":"center","be1a6fbdd6a777ca38ac3a8cc597a700":"","hero_structure":"narrow","3551095c1470a58ffbc76735180d6727":"","page_title_bg_type":"featured_image","custom_hero_background":{"attachment_id":null},"page_title_image_size":"full","parallax":{"desktop":false,"tablet":false,"mobile":false},"40b4c2b3f7198594168027c12bfef46b":"","hero_height":"250px","pageTitleFont":{"family":"Default","variation":"Default","size":"30px","line-height":"CT_CSS_SKIP_RULE","letter-spacing":"CT_CSS_SKIP_RULE","text-transform":"CT_CSS_SKIP_RULE","text-decoration":"CT_CSS_SKIP_RULE"},"pageTitleFontColor":{"default":{"color":"CT_CSS_SKIP_RULEDEFAULT"}},"pageMetaFont":{"family":"Default","variation":"n6","size":"12px","line-height":"1.3","letter-spacing":"CT_CSS_SKIP_RULE","text-transform":"uppercase","text-decoration":"CT_CSS_SKIP_RULE"},"pageMetaFontColor":{"default":{"color":"CT_CSS_SKIP_RULEDEFAULT"},"hover":{"color":"CT_CSS_SKIP_RULEDEFAULT"}},"page_meta_button_type_font_colors":{"default":{"color":"CT_CSS_SKIP_RULEDEFAULT"},"hover":{"color":"CT_CSS_SKIP_RULEDEFAULT"}},"page_meta_button_type_background_colors":{"default":{"color":"CT_CSS_SKIP_RULEDEFAULT"},"hover":{"color":"CT_CSS_SKIP_RULEDEFAULT"}},"pageExcerptFont":{"family":"Default","variation":"Default","size":"CT_CSS_SKIP_RULE","line-height":"CT_CSS_SKIP_RULE","letter-spacing":"CT_CSS_SKIP_RULE","text-transform":"CT_CSS_SKIP_RULE","text-decoration":"CT_CSS_SKIP_RULE"},"pageExcerptColor":{"default":{"color":"CT_CSS_SKIP_RULEDEFAULT"}},"breadcrumbsFont":{"family":"Default","variation":"Default","size":"CT_CSS_SKIP_RULE","line-height":"CT_CSS_SKIP_RULE","letter-spacing":"CT_CSS_SKIP_RULE","text-transform":"CT_CSS_SKIP_RULE","text-decoration":"CT_CSS_SKIP_RULE"},"breadcrumbsFontColor":{"default":{"color":"CT_CSS_SKIP_RULEDEFAULT"},"initial":{"color":"CT_CSS_SKIP_RULEDEFAULT"},"hover":{"color":"CT_CSS_SKIP_RULEDEFAULT"}},"pageTitleOverlay":{"background_type":"color","background_pattern":"type-1","background_image":{"attachment_id":null,"x":0,"y":0},"gradient":"linear-gradient(135deg,rgba(6,147,227,1) 0%,rgb(155,81,224) 100%)","background_repeat":"repeat","background_size":"auto","background_attachment":"scroll","patternColor":{"default":{"color":"#e5e7ea"}},"overlayColor":{"default":{"color":"CT_CSS_SKIP_RULE"}},"backgroundColor":{"default":{"color":"CT_CSS_SKIP_RULE"}}},"pageTitleBackground":{"background_type":"color","background_pattern":"type-1","background_image":{"attachment_id":null,"x":0,"y":0},"gradient":"linear-gradient(135deg,rgba(6,147,227,1) 0%,rgb(155,81,224) 100%)","background_repeat":"repeat","background_size":"auto","background_attachment":"scroll","patternColor":{"default":{"color":"#e5e7ea"}},"overlayColor":{"default":{"color":"CT_CSS_SKIP_RULE"}},"backgroundColor":{"default":{"color":"var(--paletteColor6)"}}},"pageTitlePadding":{"top":"50px","bottom":"50px","left":"auto","right":"auto","linked":true},"3a99da6b5bbc7bd18159ab232d50cc4e":"","page_structure_type":"type-3","570a68fe7d9df8eabc645c30a0568904":"","content_style_source":"inherit","content_style":"wide","vertical_spacing_source":"inherit","content_area_spacing":"both","background":{"background_type":"color","background_pattern":"type-1","background_image":{"attachment_id":null,"x":0,"y":0},"gradient":"linear-gradient(135deg,rgba(6,147,227,1) 0%,rgb(155,81,224) 100%)","background_repeat":"repeat","background_size":"auto","background_attachment":"scroll","patternColor":{"default":{"color":"#e5e7ea"}},"overlayColor":{"default":{"color":"CT_CSS_SKIP_RULE"}},"backgroundColor":{"default":{"color":"CT_CSS_SKIP_RULE"}}},"content_background":{"background_type":"color","background_pattern":"type-1","background_image":{"attachment_id":null,"x":0,"y":0},"gradient":"linear-gradient(135deg,rgba(6,147,227,1) 0%,rgb(155,81,224) 100%)","background_repeat":"repeat","background_size":"auto","background_attachment":"scroll","patternColor":{"default":{"color":"#e5e7ea"}},"overlayColor":{"default":{"color":"CT_CSS_SKIP_RULE"}},"backgroundColor":{"default":{"color":"var(--paletteColor8)"}}},"content_boxed_shadow":{"inherit":false,"blur":18,"spread":-6,"v_offset":12,"h_offset":0,"inset":false,"enable":true,"color":{"color":"rgba(34, 56, 101, 0.04)"}},"content_boxed_border":{"width":1,"style":"none","color":{"color":"rgba(44,62,80,0.2)"}},"content_boxed_radius":{"top":"3px","bottom":"3px","left":"3px","right":"3px","linked":true},"boxed_content_spacing":{"desktop":{"top":"40px","bottom":"40px","left":"40px","right":"40px","linked":true},"tablet":{"top":"35px","bottom":"35px","left":"35px","right":"35px","linked":true},"mobile":{"top":"20px","bottom":"20px","left":"20px","right":"20px","linked":true}},"ebc44efb6d35604fb9296b0e0f5b8f7f":"","disable_featured_image":"no","disable_share_box":"no","disable_header":"no","disable_footer":"no"},"acf":[],"_links":{"self":[{"href":"https:\/\/tobiasvolkmann.com\/de\/wp-json\/wp\/v2\/pages\/177","targetHints":{"allow":["GET"]}}],"collection":[{"href":"https:\/\/tobiasvolkmann.com\/de\/wp-json\/wp\/v2\/pages"}],"about":[{"href":"https:\/\/tobiasvolkmann.com\/de\/wp-json\/wp\/v2\/types\/page"}],"author":[{"embeddable":true,"href":"https:\/\/tobiasvolkmann.com\/de\/wp-json\/wp\/v2\/users\/1"}],"replies":[{"embeddable":true,"href":"https:\/\/tobiasvolkmann.com\/de\/wp-json\/wp\/v2\/comments?post=177"}],"version-history":[{"count":12,"href":"https:\/\/tobiasvolkmann.com\/de\/wp-json\/wp\/v2\/pages\/177\/revisions"}],"predecessor-version":[{"id":3785,"href":"https:\/\/tobiasvolkmann.com\/de\/wp-json\/wp\/v2\/pages\/177\/revisions\/3785"}],"wp:attachment":[{"href":"https:\/\/tobiasvolkmann.com\/de\/wp-json\/wp\/v2\/media?parent=177"}],"curies":[{"name":"wp","href":"https:\/\/api.w.org\/{rel}","templated":true}]}}